{"id":329,"date":"2016-01-08T22:15:08","date_gmt":"2016-01-08T22:15:08","guid":{"rendered":"http:\/\/test.anvato.com\/tr\/?page_id=329"},"modified":"2016-02-06T17:59:23","modified_gmt":"2016-02-06T17:59:23","slug":"temas","status":"publish","type":"page","link":"https:\/\/www.alyo.com.tr\/tr\/temas\/","title":{"rendered":"\u0130LET\u0130\u015e\u0130M"},"content":{"rendered":"","protected":false},"excerpt":{"rendered":"","protected":false},"author":1,"featured_media":0,"parent":0,"menu_order":0,"comment_status":"closed","ping_status":"closed","template":"","meta":[],"_links":{"self":[{"href":"https:\/\/www.alyo.com.tr\/tr\/wp-json\/wp\/v2\/pages\/329"}],"collection":[{"href":"https:\/\/www.alyo.com.tr\/tr\/wp-json\/wp\/v2\/pages"}],"about":[{"href":"https:\/\/www.alyo.com.tr\/tr\/wp-json\/wp\/v2\/types\/page"}],"author":[{"embeddable":true,"href":"https:\/\/www.alyo.com.tr\/tr\/wp-json\/wp\/v2\/users\/1"}],"replies":[{"embeddable":true,"href":"https:\/\/www.alyo.com.tr\/tr\/wp-json\/wp\/v2\/comments?post=329"}],"version-history":[{"count":0,"href":"https:\/\/www.alyo.com.tr\/tr\/wp-json\/wp\/v2\/pages\/329\/revisions"}],"wp:attachment":[{"href":"https:\/\/www.alyo.com.tr\/tr\/wp-json\/wp\/v2\/media?parent=329"}],"curies":[{"name":"wp","href":"https:\/\/api.w.org\/{rel}","templated":true}]}}