{"id":331,"date":"2016-01-08T22:15:42","date_gmt":"2016-01-08T22:15:42","guid":{"rendered":"http:\/\/test.anvato.com\/tr\/?page_id=331"},"modified":"2016-02-15T14:33:51","modified_gmt":"2016-02-15T14:33:51","slug":"cozumler","status":"publish","type":"page","link":"https:\/\/www.alyo.com.tr\/tr\/cozumler\/","title":{"rendered":"\u00e7\u00f6z\u00fcmler"},"content":{"rendered":"","protected":false},"excerpt":{"rendered":"","protected":false},"author":1,"featured_media":0,"parent":0,"menu_order":0,"comment_status":"closed","ping_status":"closed","template":"","meta":[],"_links":{"self":[{"href":"https:\/\/www.alyo.com.tr\/tr\/wp-json\/wp\/v2\/pages\/331"}],"collection":[{"href":"https:\/\/www.alyo.com.tr\/tr\/wp-json\/wp\/v2\/pages"}],"about":[{"href":"https:\/\/www.alyo.com.tr\/tr\/wp-json\/wp\/v2\/types\/page"}],"author":[{"embeddable":true,"href":"https:\/\/www.alyo.com.tr\/tr\/wp-json\/wp\/v2\/users\/1"}],"replies":[{"embeddable":true,"href":"https:\/\/www.alyo.com.tr\/tr\/wp-json\/wp\/v2\/comments?post=331"}],"version-history":[{"count":0,"href":"https:\/\/www.alyo.com.tr\/tr\/wp-json\/wp\/v2\/pages\/331\/revisions"}],"wp:attachment":[{"href":"https:\/\/www.alyo.com.tr\/tr\/wp-json\/wp\/v2\/media?parent=331"}],"curies":[{"name":"wp","href":"https:\/\/api.w.org\/{rel}","templated":true}]}}